{"id":7397,"date":"2025-04-14T12:37:34","date_gmt":"2025-04-14T12:37:34","guid":{"rendered":"https:\/\/everflowepoxy.com\/faq\/"},"modified":"2026-04-16T17:14:57","modified_gmt":"2026-04-16T17:14:57","slug":"faq","status":"publish","type":"page","link":"https:\/\/everflowepoxy.com\/fr\/faq\/","title":{"rendered":"FAQ"},"content":{"rendered":"\t\t<div data-elementor-type=\"wp-page\" data-elementor-id=\"7397\" class=\"elementor elementor-7397 elementor-5215\" data-elementor-post-type=\"page\">\n\t\t\t\t<div class=\"elementor-element elementor-element-14a3019 e-con-full e-flex e-con e-parent\" data-id=\"14a3019\" data-element_type=\"container\" data-e-type=\"container\">\n\t\t\t\t<div class=\"elementor-element elementor-element-6b830be elementor-widget elementor-widget-tx_heading elh-el tx_heading\" data-id=\"6b830be\" data-element_type=\"widget\" data-e-type=\"widget\" data-settings=\"{&quot;design_style&quot;:&quot;style_1&quot;}\" data-widget_type=\"tx_heading.default\">\n\t\t\t\t<div class=\"elementor-widget-container\">\n\t\t\t\t\t<div class=\"services-title-wrap tx-heading-section\">\r\n        <h5 class=\"fti-subtitle-4 tx-subTitle\"><\/h5>\r\n    <h6 class=\"tx-title fti-section-title-4 fti-split-text fti-split-in-right-4 \">Foire aux <br> questions<\/h6>        <p class=\"tx-description\">\r\n            <\/p>\r\n    <\/div>\t\t\t\t<\/div>\n\t\t\t\t<\/div>\n\t\t\t\t<\/div>\n\t\t<div class=\"elementor-element elementor-element-aea177a e-con-full e-flex e-con e-parent\" data-id=\"aea177a\" data-element_type=\"container\" data-e-type=\"container\">\n\t\t<div class=\"elementor-element elementor-element-acf0d6d e-con-full e-flex e-con e-child\" data-id=\"acf0d6d\" data-element_type=\"container\" data-e-type=\"container\">\n\t\t\t\t<div class=\"elementor-element elementor-element-89c5646 elementor-widget elementor-widget-tx_image_box elh-el tx_image_box\" data-id=\"89c5646\" data-element_type=\"widget\" data-e-type=\"widget\" data-settings=\"{&quot;image_1&quot;:{&quot;url&quot;:&quot;https:\\\/\\\/everflowepoxy.com\\\/wp-content\\\/uploads\\\/2025\\\/04\\\/Placeholder-1-1.png&quot;,&quot;id&quot;:5439,&quot;size&quot;:&quot;&quot;,&quot;alt&quot;:&quot;&quot;,&quot;source&quot;:&quot;library&quot;},&quot;image_2&quot;:{&quot;url&quot;:&quot;&quot;,&quot;id&quot;:&quot;&quot;,&quot;size&quot;:&quot;&quot;},&quot;design_style&quot;:&quot;style_1&quot;}\" data-widget_type=\"tx_image_box.default\">\n\t\t\t\t<div class=\"elementor-widget-container\">\n\t\t\t\t\t<div class=\"fti-question-3-left fti-class-add\">\r\n        <div class=\"main-img img-cover\">\r\n        <img decoding=\"async\"\r\n        src=\"https:\/\/everflowepoxy.com\/wp-content\/uploads\/2025\/04\/Placeholder-1-1.png\"\r\n        alt=\"Placeholder 1\">\r\n    <\/div>\r\n    \r\n    <\/div>\t\t\t\t<\/div>\n\t\t\t\t<\/div>\n\t\t\t\t<\/div>\n\t\t<div class=\"elementor-element elementor-element-06672c0 e-con-full e-flex e-con e-child\" data-id=\"06672c0\" data-element_type=\"container\" data-e-type=\"container\" data-settings=\"{&quot;animation&quot;:&quot;none&quot;}\">\n\t\t\t\t<div class=\"elementor-element elementor-element-2d6aa4b elementor-widget elementor-widget-tx_faq elh-el tx_faq\" data-id=\"2d6aa4b\" data-element_type=\"widget\" data-e-type=\"widget\" data-settings=\"{&quot;design_style&quot;:&quot;style_1&quot;}\" data-widget_type=\"tx_faq.default\">\n\t\t\t\t<div class=\"elementor-widget-container\">\n\t\t\t\t\t<div class=\"fti-question-3-faq\">\r\n    <div class=\"accordion accordion-flush\" id=\"accordionExample_655\">\r\n                <div class=\"accordion-item fti_right_slide_1\">\r\n            <h2 class=\"accordion-header\" id=\"heading-655-0\">\r\n                <button class=\"accordion-button fti-para-3 \"\r\n                type=\"button\"\r\n                data-bs-toggle=\"collapse\"\r\n                data-bs-target=\"#collapse-655-0\"\r\n                aria-expanded=\"true\"\r\n                aria-controls=\"collapse-655-0\">\r\n                    <span>O\u00f9 les produits EVERFLOW\u00ae sont-ils disponibles ?<\/span>\r\n                <\/button>\r\n            <\/h2>\r\n            <div\r\n            id=\"collapse-655-0\"\r\n            class=\"accordion-collapse collapse show\"\r\n            aria-labelledby=\"heading-655-0\"\r\n            data-bs-parent=\"#accordionExample_655\">\r\n                <div class=\"accordion-body \">\r\n                    <p class=\"fti-para-3-small\">\r\n                        Les produits EVERFLOW\u00ae sont distribu\u00e9s en <b> Am\u00e9rique du Nord et du Sud, <\/b> avec des plateformes logistiques principales au<b> Canada et aux \u00c9tats-Unis.<\/b> Nous collaborons avec un r\u00e9seau de distributeurs en pleine expansion et pouvons coordonner la logistique pour la plupart des sites de projets. <a href=\"mailto:info@everflowepoxy.com\"> Contactez-nous<\/a>\n\n                    <\/p>\r\n                <\/div>\r\n            <\/div>\r\n        <\/div>\r\n                <div class=\"accordion-item fti_right_slide_1\">\r\n            <h2 class=\"accordion-header\" id=\"heading-655-1\">\r\n                <button class=\"accordion-button fti-para-3 collapsed\"\r\n                type=\"button\"\r\n                data-bs-toggle=\"collapse\"\r\n                data-bs-target=\"#collapse-655-1\"\r\n                aria-expanded=\"false\"\r\n                aria-controls=\"collapse-655-1\">\r\n                    <span>Les rev\u00eatements EVERFLOW\u00ae sont-ils conformes \u00e0 la r\u00e9glementation sur les COV ?<\/span>\r\n                <\/button>\r\n            <\/h2>\r\n            <div\r\n            id=\"collapse-655-1\"\r\n            class=\"accordion-collapse collapse \"\r\n            aria-labelledby=\"heading-655-1\"\r\n            data-bs-parent=\"#accordionExample_655\">\r\n                <div class=\"accordion-body \">\r\n                    <p class=\"fti-para-3-small\">\r\n                        Oui. Tous les syst\u00e8mes \u00e9poxy et polyaspartiques EVERFLOW\u00ae sont <b>conformes aux normes COV en Am\u00e9rique du Nord, <\/b> r\u00e9pondant \u00e0 des normes environnementales et de s\u00e9curit\u00e9 strictes pour une utilisation commerciale et industrielle.                    <\/p>\r\n                <\/div>\r\n            <\/div>\r\n        <\/div>\r\n                <div class=\"accordion-item fti_right_slide_1\">\r\n            <h2 class=\"accordion-header\" id=\"heading-655-2\">\r\n                <button class=\"accordion-button fti-para-3 collapsed\"\r\n                type=\"button\"\r\n                data-bs-toggle=\"collapse\"\r\n                data-bs-target=\"#collapse-655-2\"\r\n                aria-expanded=\"false\"\r\n                aria-controls=\"collapse-655-2\">\r\n                    <span>Proposez-vous une assistance technique lors de la sp\u00e9cification ou de l'installation du projet\u00a0?<\/span>\r\n                <\/button>\r\n            <\/h2>\r\n            <div\r\n            id=\"collapse-655-2\"\r\n            class=\"accordion-collapse collapse \"\r\n            aria-labelledby=\"heading-655-2\"\r\n            data-bs-parent=\"#accordionExample_655\">\r\n                <div class=\"accordion-body \">\r\n                    <p class=\"fti-para-3-small\">\r\n                        Absolument. Notre \u00e9quipe technique est \u00e0 votre disposition <b> pour vous accompagner dans la d\u00e9finition des sp\u00e9cifications, le choix des produits et l'assistance \u00e0 l'application, <\/b>de la conception \u00e0 l'installation finale. Nous proposons \u00e9galement des formations pour les entrepreneurs et les installateurs. <a href=\"mailto:info@everflowepoxy.com\"> Contactez-nous<\/a>                    <\/p>\r\n                <\/div>\r\n            <\/div>\r\n        <\/div>\r\n                <div class=\"accordion-item fti_right_slide_1\">\r\n            <h2 class=\"accordion-header\" id=\"heading-655-3\">\r\n                <button class=\"accordion-button fti-para-3 collapsed\"\r\n                type=\"button\"\r\n                data-bs-toggle=\"collapse\"\r\n                data-bs-target=\"#collapse-655-3\"\r\n                aria-expanded=\"false\"\r\n                aria-controls=\"collapse-655-3\">\r\n                    <span>Fournissez-vous des documents de sp\u00e9cifications ou des fiches syst\u00e8me pour la planification de projet\u00a0?<\/span>\r\n                <\/button>\r\n            <\/h2>\r\n            <div\r\n            id=\"collapse-655-3\"\r\n            class=\"accordion-collapse collapse \"\r\n            aria-labelledby=\"heading-655-3\"\r\n            data-bs-parent=\"#accordionExample_655\">\r\n                <div class=\"accordion-body \">\r\n                    <p class=\"fti-para-3-small\">\r\n                        Oui. Nous proposons des <b> fiches techniques pr\u00eates \u00e0 l'emploi <\/b> contenant les donn\u00e9es techniques, les taux de couverture et les \u00e9tapes d'application. Vous pouvez les t\u00e9l\u00e9charger directement ou les personnaliser en fonction des besoins de votre projet en contactant notre \u00e9quipe technique. <a href=\"https:\/\/everflowepoxy.com\/technical-data-sheets\/\" class=\"underline_link\">Ressources<\/a>                    <\/p>\r\n                <\/div>\r\n            <\/div>\r\n        <\/div>\r\n            <\/div>\r\n<\/div>\t\t\t\t<\/div>\n\t\t\t\t<\/div>\n\t\t\t\t<\/div>\n\t\t\t\t<\/div>\n\t\t\t\t<section class=\"elementor-section elementor-top-section elementor-element elementor-element-14df3b49 elementor-section-full_width elementor-section-height-default elementor-section-height-default\" data-id=\"14df3b49\" data-element_type=\"section\" data-e-type=\"section\">\n\t\t\t\t\t\t<div class=\"elementor-container elementor-column-gap-default\">\n\t\t\t\t\t<div class=\"elementor-column elementor-col-100 elementor-top-column elementor-element elementor-element-63a38094\" data-id=\"63a38094\" data-element_type=\"column\" data-e-type=\"column\">\n\t\t\t<div class=\"elementor-widget-wrap elementor-element-populated\">\n\t\t\t\t\t\t<div class=\"elementor-element elementor-element-778521e elementor-widget elementor-widget-tx_cta elh-el tx_cta\" data-id=\"778521e\" data-element_type=\"widget\" data-e-type=\"widget\" data-settings=\"{&quot;design_style&quot;:&quot;style_4&quot;}\" data-widget_type=\"tx_cta.default\">\n\t\t\t\t<div class=\"elementor-widget-container\">\n\t\t\t\t\t<!-- <div class=\"fti-cta-5-area tx-section\" data-background=\"\">\n        <a class=\"popup-video play-icon\" href=\"\">\n        <span class=\"icon\">\n                    <\/span>\n    <\/a>\n    <\/div> -->\n\n<div class=\"fti-cta-5-area tx-section\" data-background=\"https:\/\/everflowepoxy.com\/wp-content\/uploads\/2025\/04\/Group-1-1.png\">\n                <video width=\"100%\" autoplay muted loop controls playsinline>\n                <source src=\"https:\/\/everflowepoxy.com\/wp-content\/uploads\/2025\/06\/9efb45c686d54cfbbab50f26cddede95-1.mp4\" type=\"video\/mp4\">\n                Your browser does not support the video tag.\n            <\/video>\n        <\/div>\n\t\t\t\t<\/div>\n\t\t\t\t<\/div>\n\t\t\t\t\t<\/div>\n\t\t<\/div>\n\t\t\t\t\t<\/div>\n\t\t<\/section>\n\t\t\t\t<section class=\"elementor-section elementor-top-section elementor-element elementor-element-34914b11 elementor-section-full_width elementor-section-height-default elementor-section-height-default\" data-id=\"34914b11\" data-element_type=\"section\" data-e-type=\"section\" data-settings=\"{&quot;background_background&quot;:&quot;classic&quot;}\">\n\t\t\t\t\t\t\t<div class=\"elementor-background-overlay\"><\/div>\n\t\t\t\t\t\t\t<div class=\"elementor-container elementor-column-gap-default\">\n\t\t\t\t\t<div class=\"elementor-column elementor-col-100 elementor-top-column elementor-element elementor-element-1a307711\" data-id=\"1a307711\" data-element_type=\"column\" data-e-type=\"column\">\n\t\t\t<div class=\"elementor-widget-wrap\">\n\t\t\t\t\t\t\t<\/div>\n\t\t<\/div>\n\t\t\t\t\t<\/div>\n\t\t<\/section>\n\t\t\t\t<section class=\"elementor-section elementor-top-section elementor-element elementor-element-94a8645 elementor-section-full_width contact-us-home elementor-section-height-default elementor-section-height-default\" data-id=\"94a8645\" data-element_type=\"section\" data-e-type=\"section\" data-settings=\"{&quot;background_background&quot;:&quot;classic&quot;}\">\n\t\t\t\t\t\t<div class=\"elementor-container elementor-column-gap-default\">\n\t\t\t\t\t<div class=\"elementor-column elementor-col-100 elementor-top-column elementor-element elementor-element-1ad7616\" data-id=\"1ad7616\" data-element_type=\"column\" data-e-type=\"column\">\n\t\t\t<div class=\"elementor-widget-wrap elementor-element-populated\">\n\t\t\t\t\t\t<div class=\"elementor-element elementor-element-835e841 custom-contact_form elementor-widget elementor-widget-tx_cta elh-el tx_cta\" data-id=\"835e841\" data-element_type=\"widget\" data-e-type=\"widget\" data-settings=\"{&quot;design_style&quot;:&quot;style_1&quot;}\" data-widget_type=\"tx_cta.default\">\n\t\t\t\t<div class=\"elementor-widget-container\">\n\t\t\t\t\t<div class=\"fti-contact-3-area bg-default fti-class-add tx-section\" data-background=\"https:\/\/everflowepoxy.com\/wp-content\/uploads\/2025\/04\/shutterstock_1892307565-1-1-scaled.jpg\">\r\n    <div class=\"container fti-container-8\">\r\n        <div class=\"fti-contact-3-wrap\">\r\n            <!-- title -->\r\n            <div class=\"fti-contact-3-title-wrap\">\r\n                                <h5 class=\"fti-subtitle-4 tx-subTitle\">GET IN TOUCH WITH US <\/h5>\r\n                <h2 class=\"tx-title fti-section-title-4 has-color-white fti-split-text fti-split-in-right-4\">Contact Our Specialists For Assistance With All Your Projects <\/h2>\r\n                                <p class=\"fti-para-3-small disc tx-description\"><\/p>\r\n                \r\n                                <div class=\"btn-wrap\">\r\n                    <a class=\"fti-btn-pr-4 tx-button\"\r\n                        href=\"mailto:info@everflowepoxy.com\"\r\n                        target=\"_self\"\r\n                        rel=\"\">\r\n\r\n                                                <span class=\"btn-text\">contact us<\/span>\r\n                        \r\n                                            <\/a>\r\n                <\/div>\r\n                \r\n                            <\/div>\r\n\r\n            <!-- contact form -->\r\n                        <div class=\"fti-contact-3-form bg-default wow fadeInUp\" data-background=\"\">\r\n                <form id=\"customContactForm\" class=\"wpcf7-form init\" aria-label=\"Contact form\" method=\"POST\" action=\"#\" novalidate=\"novalidate\">\n    <div class=\"custom_letstalk_form\">\n        <h2 style=\"text-align: center; font-size: 51px; font-weight: bold;\">Talk to our specialist<\/h2> \n\n        <p>\n            <input size=\"40\" maxlength=\"400\" class=\"wpcf7-form-control\" placeholder=\"Full Name\" type=\"text\" name=\"full-name\">\n            <span class=\"error-message\"><\/span>\n        <\/p>\n\n        <p>\n            <input size=\"40\" maxlength=\"400\" class=\"wpcf7-form-control\" placeholder=\"Email Address\" type=\"email\" name=\"email-address\">\n            <span class=\"error-message\"><\/span>\n        <\/p>\n\n        <p>\n            <input size=\"40\" maxlength=\"400\" class=\"wpcf7-form-control\" placeholder=\"Phone No:\" type=\"tel\" name=\"phone-number\">\n            <span class=\"error-message\"><\/span>\n        <\/p>\n\n        <p>\n            <textarea cols=\"40\" rows=\"10\" maxlength=\"2000\" class=\"wpcf7-form-control\" placeholder=\"Pertinent Information\" name=\"pertinent-information\"><\/textarea>\n            <span class=\"error-message\"><\/span>\n        <\/p>\n\n        <p>\n            <input class=\"wpcf7-form-control wpcf7-submit has-spinner\" type=\"submit\" value=\"SUBMIT\">\n        <\/p>\n\n        <div id=\"customFormResponse\"><\/div>\n    <\/div>\n<\/form>\n            <\/div>\r\n                    <\/div>\r\n    <\/div>\r\n<\/div>\t\t\t\t<\/div>\n\t\t\t\t<\/div>\n\t\t\t\t\t<\/div>\n\t\t<\/div>\n\t\t\t\t\t<\/div>\n\t\t<\/section>\n\t\t\t\t<\/div>\n\t\t","protected":false},"excerpt":{"rendered":"<p>Foire aux questions O\u00f9 les produits EVERFLOW\u00ae sont-ils disponibles ? Les produits EVERFLOW\u00ae sont distribu\u00e9s en Am\u00e9rique du Nord et du Sud, avec des plateformes logistiques principales au Canada et aux \u00c9tats-Unis. Nous collaborons avec un r\u00e9seau de distributeurs en pleine expansion et pouvons coordonner la logistique pour la plupart des sites de projets. Contactez-nous [&hellip;]<\/p>\n","protected":false},"author":1,"featured_media":0,"parent":0,"menu_order":5,"comment_status":"closed","ping_status":"closed","template":"elementor_header_footer","meta":{"inline_featured_image":false,"footnotes":""},"class_list":["post-7397","page","type-page","status-publish","hentry"],"yoast_head":"<!-- This site is optimized with the Yoast SEO plugin v27.4 - https:\/\/yoast.com\/product\/yoast-seo-wordpress\/ -->\n<title>FAQ - Everflow Epoxy.<\/title>\n<meta name=\"description\" content=\"We offer ready-to-use system sheets with technical data, coverage rates, and application steps. These can be downloaded directly or customized.\" \/>\n<meta name=\"robots\" content=\"index, follow, max-snippet:-1, max-image-preview:large, max-video-preview:-1\" \/>\n<link rel=\"canonical\" href=\"https:\/\/everflowepoxy.com\/fr\/faq\/\" \/>\n<meta property=\"og:locale\" content=\"fr_FR\" \/>\n<meta property=\"og:type\" content=\"article\" \/>\n<meta property=\"og:title\" content=\"FAQ - Everflow Epoxy.\" \/>\n<meta property=\"og:description\" content=\"We offer ready-to-use system sheets with technical data, coverage rates, and application steps. These can be downloaded directly or customized.\" \/>\n<meta property=\"og:url\" content=\"https:\/\/everflowepoxy.com\/fr\/faq\/\" \/>\n<meta property=\"og:site_name\" content=\"Everflow Epoxy\" \/>\n<meta property=\"article:publisher\" content=\"https:\/\/www.facebook.com\/mpc.coatings\/?locale=fr_CA\" \/>\n<meta property=\"article:modified_time\" content=\"2026-04-16T17:14:57+00:00\" \/>\n<meta name=\"twitter:card\" content=\"summary_large_image\" \/>\n<meta name=\"twitter:label1\" content=\"Dur\u00e9e de lecture estim\u00e9e\" \/>\n\t<meta name=\"twitter:data1\" content=\"2 minute\" \/>\n<script type=\"application\/ld+json\" class=\"yoast-schema-graph\">{\"@context\":\"https:\\\/\\\/schema.org\",\"@graph\":[{\"@type\":\"WebPage\",\"@id\":\"https:\\\/\\\/everflowepoxy.com\\\/fr\\\/faq\\\/\",\"url\":\"https:\\\/\\\/everflowepoxy.com\\\/fr\\\/faq\\\/\",\"name\":\"FAQ - Everflow Epoxy.\",\"isPartOf\":{\"@id\":\"https:\\\/\\\/everflowepoxy.com\\\/fr\\\/#website\"},\"datePublished\":\"2025-04-14T12:37:34+00:00\",\"dateModified\":\"2026-04-16T17:14:57+00:00\",\"description\":\"We offer ready-to-use system sheets with technical data, coverage rates, and application steps. These can be downloaded directly or customized.\",\"breadcrumb\":{\"@id\":\"https:\\\/\\\/everflowepoxy.com\\\/fr\\\/faq\\\/#breadcrumb\"},\"inLanguage\":\"fr-FR\",\"potentialAction\":[{\"@type\":\"ReadAction\",\"target\":[\"https:\\\/\\\/everflowepoxy.com\\\/fr\\\/faq\\\/\"]}]},{\"@type\":\"BreadcrumbList\",\"@id\":\"https:\\\/\\\/everflowepoxy.com\\\/fr\\\/faq\\\/#breadcrumb\",\"itemListElement\":[{\"@type\":\"ListItem\",\"position\":1,\"name\":\"Accueil\",\"item\":\"https:\\\/\\\/everflowepoxy.com\\\/fr\\\/\"},{\"@type\":\"ListItem\",\"position\":2,\"name\":\"FAQ\"}]},{\"@type\":\"WebSite\",\"@id\":\"https:\\\/\\\/everflowepoxy.com\\\/fr\\\/#website\",\"url\":\"https:\\\/\\\/everflowepoxy.com\\\/fr\\\/\",\"name\":\"Everflow Epoxy\",\"description\":\"The Everflow Epoxy website\",\"publisher\":{\"@id\":\"https:\\\/\\\/everflowepoxy.com\\\/fr\\\/#organization\"},\"potentialAction\":[{\"@type\":\"SearchAction\",\"target\":{\"@type\":\"EntryPoint\",\"urlTemplate\":\"https:\\\/\\\/everflowepoxy.com\\\/fr\\\/?s={search_term_string}\"},\"query-input\":{\"@type\":\"PropertyValueSpecification\",\"valueRequired\":true,\"valueName\":\"search_term_string\"}}],\"inLanguage\":\"fr-FR\"},{\"@type\":\"Organization\",\"@id\":\"https:\\\/\\\/everflowepoxy.com\\\/fr\\\/#organization\",\"name\":\"Everflow Epoxy\",\"url\":\"https:\\\/\\\/everflowepoxy.com\\\/fr\\\/\",\"logo\":{\"@type\":\"ImageObject\",\"inLanguage\":\"fr-FR\",\"@id\":\"https:\\\/\\\/everflowepoxy.com\\\/fr\\\/#\\\/schema\\\/logo\\\/image\\\/\",\"url\":\"https:\\\/\\\/everflowepoxy.com\\\/wp-content\\\/uploads\\\/2025\\\/08\\\/Logo-everflow.png\",\"contentUrl\":\"https:\\\/\\\/everflowepoxy.com\\\/wp-content\\\/uploads\\\/2025\\\/08\\\/Logo-everflow.png\",\"width\":500,\"height\":200,\"caption\":\"Everflow Epoxy\"},\"image\":{\"@id\":\"https:\\\/\\\/everflowepoxy.com\\\/fr\\\/#\\\/schema\\\/logo\\\/image\\\/\"},\"sameAs\":[\"https:\\\/\\\/www.facebook.com\\\/mpc.coatings\\\/?locale=fr_CA\"]}]}<\/script>\n<!-- \/ Yoast SEO plugin. -->","yoast_head_json":{"title":"FAQ - Everflow Epoxy.","description":"We offer ready-to-use system sheets with technical data, coverage rates, and application steps. These can be downloaded directly or customized.","robots":{"index":"index","follow":"follow","max-snippet":"max-snippet:-1","max-image-preview":"max-image-preview:large","max-video-preview":"max-video-preview:-1"},"canonical":"https:\/\/everflowepoxy.com\/fr\/faq\/","og_locale":"fr_FR","og_type":"article","og_title":"FAQ - Everflow Epoxy.","og_description":"We offer ready-to-use system sheets with technical data, coverage rates, and application steps. These can be downloaded directly or customized.","og_url":"https:\/\/everflowepoxy.com\/fr\/faq\/","og_site_name":"Everflow Epoxy","article_publisher":"https:\/\/www.facebook.com\/mpc.coatings\/?locale=fr_CA","article_modified_time":"2026-04-16T17:14:57+00:00","twitter_card":"summary_large_image","twitter_misc":{"Dur\u00e9e de lecture estim\u00e9e":"2 minute"},"schema":{"@context":"https:\/\/schema.org","@graph":[{"@type":"WebPage","@id":"https:\/\/everflowepoxy.com\/fr\/faq\/","url":"https:\/\/everflowepoxy.com\/fr\/faq\/","name":"FAQ - Everflow Epoxy.","isPartOf":{"@id":"https:\/\/everflowepoxy.com\/fr\/#website"},"datePublished":"2025-04-14T12:37:34+00:00","dateModified":"2026-04-16T17:14:57+00:00","description":"We offer ready-to-use system sheets with technical data, coverage rates, and application steps. These can be downloaded directly or customized.","breadcrumb":{"@id":"https:\/\/everflowepoxy.com\/fr\/faq\/#breadcrumb"},"inLanguage":"fr-FR","potentialAction":[{"@type":"ReadAction","target":["https:\/\/everflowepoxy.com\/fr\/faq\/"]}]},{"@type":"BreadcrumbList","@id":"https:\/\/everflowepoxy.com\/fr\/faq\/#breadcrumb","itemListElement":[{"@type":"ListItem","position":1,"name":"Accueil","item":"https:\/\/everflowepoxy.com\/fr\/"},{"@type":"ListItem","position":2,"name":"FAQ"}]},{"@type":"WebSite","@id":"https:\/\/everflowepoxy.com\/fr\/#website","url":"https:\/\/everflowepoxy.com\/fr\/","name":"Everflow Epoxy","description":"The Everflow Epoxy website","publisher":{"@id":"https:\/\/everflowepoxy.com\/fr\/#organization"},"potentialAction":[{"@type":"SearchAction","target":{"@type":"EntryPoint","urlTemplate":"https:\/\/everflowepoxy.com\/fr\/?s={search_term_string}"},"query-input":{"@type":"PropertyValueSpecification","valueRequired":true,"valueName":"search_term_string"}}],"inLanguage":"fr-FR"},{"@type":"Organization","@id":"https:\/\/everflowepoxy.com\/fr\/#organization","name":"Everflow Epoxy","url":"https:\/\/everflowepoxy.com\/fr\/","logo":{"@type":"ImageObject","inLanguage":"fr-FR","@id":"https:\/\/everflowepoxy.com\/fr\/#\/schema\/logo\/image\/","url":"https:\/\/everflowepoxy.com\/wp-content\/uploads\/2025\/08\/Logo-everflow.png","contentUrl":"https:\/\/everflowepoxy.com\/wp-content\/uploads\/2025\/08\/Logo-everflow.png","width":500,"height":200,"caption":"Everflow Epoxy"},"image":{"@id":"https:\/\/everflowepoxy.com\/fr\/#\/schema\/logo\/image\/"},"sameAs":["https:\/\/www.facebook.com\/mpc.coatings\/?locale=fr_CA"]}]}},"_links":{"self":[{"href":"https:\/\/everflowepoxy.com\/fr\/wp-json\/wp\/v2\/pages\/7397","targetHints":{"allow":["GET"]}}],"collection":[{"href":"https:\/\/everflowepoxy.com\/fr\/wp-json\/wp\/v2\/pages"}],"about":[{"href":"https:\/\/everflowepoxy.com\/fr\/wp-json\/wp\/v2\/types\/page"}],"author":[{"embeddable":true,"href":"https:\/\/everflowepoxy.com\/fr\/wp-json\/wp\/v2\/users\/1"}],"replies":[{"embeddable":true,"href":"https:\/\/everflowepoxy.com\/fr\/wp-json\/wp\/v2\/comments?post=7397"}],"version-history":[{"count":16,"href":"https:\/\/everflowepoxy.com\/fr\/wp-json\/wp\/v2\/pages\/7397\/revisions"}],"predecessor-version":[{"id":10075,"href":"https:\/\/everflowepoxy.com\/fr\/wp-json\/wp\/v2\/pages\/7397\/revisions\/10075"}],"wp:attachment":[{"href":"https:\/\/everflowepoxy.com\/fr\/wp-json\/wp\/v2\/media?parent=7397"}],"curies":[{"name":"wp","href":"https:\/\/api.w.org\/{rel}","templated":true}]}}