{"id":7399,"date":"2025-04-25T09:51:51","date_gmt":"2025-04-25T09:51:51","guid":{"rendered":"https:\/\/everflowepoxy.com\/entrepreneur-general\/"},"modified":"2026-04-14T17:23:12","modified_gmt":"2026-04-14T17:23:12","slug":"entrepreneur-general","status":"publish","type":"page","link":"https:\/\/everflowepoxy.com\/fr\/entrepreneur-general\/","title":{"rendered":"ENTREPRENEUR G\u00c9N\u00c9RAL"},"content":{"rendered":"\t\t<div data-elementor-type=\"wp-page\" data-elementor-id=\"7399\" class=\"elementor elementor-7399 elementor-5926\" data-elementor-post-type=\"page\">\n\t\t\t\t<div class=\"elementor-element elementor-element-14a3019 e-con-full e-flex e-con e-parent\" data-id=\"14a3019\" data-element_type=\"container\" data-e-type=\"container\">\n\t\t<div class=\"elementor-element elementor-element-b3481be e-flex e-con-boxed e-con e-child\" data-id=\"b3481be\" data-element_type=\"container\" data-e-type=\"container\">\n\t\t\t\t\t<div class=\"e-con-inner\">\n\t\t\t\t<div class=\"elementor-element elementor-element-9b9d5d8 custom_letstalk_btn elementor-widget elementor-widget-tx_button elh-el tx_button\" data-id=\"9b9d5d8\" data-element_type=\"widget\" data-e-type=\"widget\" data-settings=\"{&quot;design_style&quot;:&quot;style_1&quot;}\" data-widget_type=\"tx_button.default\">\n\t\t\t\t<div class=\"elementor-widget-container\">\n\t\t\t\t\t<div class=\"btn-wrapper  text-left\">\r\n    <a class=\"fti-btn-pr-4 tx-button wow none\"\r\n    href=\"mailto:info@everflowepoxy.com\"\r\n    target=\"_self\"\r\n    rel=\"\"\r\n    aria-label=\"Parlez-nous\">\r\n        <span class=\"btn-text\">Parlez-nous<\/span>\r\n                <span class=\"btn-icon\">\r\n                    <\/span>\r\n            <\/a>\r\n<\/div>\r\n\t\t\t\t<\/div>\n\t\t\t\t<\/div>\n\t\t\t\t\t<\/div>\n\t\t\t\t<\/div>\n\t\t<div class=\"elementor-element elementor-element-fd181d0 e-flex e-con-boxed e-con e-child\" data-id=\"fd181d0\" data-element_type=\"container\" data-e-type=\"container\">\n\t\t\t\t\t<div class=\"e-con-inner\">\n\t\t\t\t<div class=\"elementor-element elementor-element-8fc3c6d elementor-widget elementor-widget-tx_heading elh-el tx_heading\" data-id=\"8fc3c6d\" data-element_type=\"widget\" data-e-type=\"widget\" data-settings=\"{&quot;design_style&quot;:&quot;style_1&quot;}\" data-widget_type=\"tx_heading.default\">\n\t\t\t\t<div class=\"elementor-widget-container\">\n\t\t\t\t\t<div class=\"services-title-wrap tx-heading-section\">\r\n        <h5 class=\"fti-subtitle-4 tx-subTitle\"><\/h5>\r\n    <h6 class=\"tx-title fti-section-title-4 fti-split-text fti-split-in-right-4 \">Accompagnement pour <br> Entrepreneur G\u00e9n\u00e9ral<\/h6>        <p class=\"tx-description\">\r\n            <\/p>\r\n    <\/div>\t\t\t\t<\/div>\n\t\t\t\t<\/div>\n\t\t\t\t\t<\/div>\n\t\t\t\t<\/div>\n\t\t<div class=\"elementor-element elementor-element-df7d9f1 e-flex e-con-boxed e-con e-child\" data-id=\"df7d9f1\" data-element_type=\"container\" data-e-type=\"container\">\n\t\t\t\t\t<div class=\"e-con-inner\">\n\t\t\t\t\t<\/div>\n\t\t\t\t<\/div>\n\t\t\t\t<\/div>\n\t\t<div class=\"elementor-element elementor-element-aea177a e-flex e-con-boxed e-con e-parent\" data-id=\"aea177a\" data-element_type=\"container\" data-e-type=\"container\">\n\t\t\t\t\t<div class=\"e-con-inner\">\n\t\t<div class=\"elementor-element elementor-element-acf0d6d e-con-full e-flex e-con e-child\" data-id=\"acf0d6d\" data-element_type=\"container\" data-e-type=\"container\">\n\t\t\t\t<div class=\"elementor-element elementor-element-89c5646 elementor-widget elementor-widget-tx_image_box elh-el tx_image_box\" data-id=\"89c5646\" data-element_type=\"widget\" data-e-type=\"widget\" data-settings=\"{&quot;image_1&quot;:{&quot;url&quot;:&quot;https:\\\/\\\/everflowepoxy.com\\\/wp-content\\\/uploads\\\/2025\\\/06\\\/Hue_Saturation-1-2-1.png&quot;,&quot;id&quot;:6844,&quot;size&quot;:&quot;&quot;,&quot;alt&quot;:&quot;&quot;,&quot;source&quot;:&quot;library&quot;},&quot;design_style&quot;:&quot;style_4&quot;}\" data-widget_type=\"tx_image_box.default\">\n\t\t\t\t<div class=\"elementor-widget-container\">\n\t\t\t\t\t<div class=\"fti-about-5-left fti-class-add\">\r\n    <div class=\"main-img\">\r\n        <img decoding=\"async\"\r\n        src=\"https:\/\/everflowepoxy.com\/wp-content\/uploads\/2025\/06\/Hue_Saturation-1-2-1.png\"\r\n        alt=\"Hue_Saturation-1-2-1\">\r\n    <\/div>\r\n<\/div>\r\n\t\t\t\t<\/div>\n\t\t\t\t<\/div>\n\t\t\t\t<\/div>\n\t\t<div class=\"elementor-element elementor-element-06672c0 e-con-full e-flex e-con e-child\" data-id=\"06672c0\" data-element_type=\"container\" data-e-type=\"container\">\n\t\t<div class=\"elementor-element elementor-element-894da44 e-con-full e-flex e-con e-child\" data-id=\"894da44\" data-element_type=\"container\" data-e-type=\"container\">\n\t\t\t\t<div class=\"elementor-element elementor-element-b1e1f58 elementor-widget elementor-widget-text-editor\" data-id=\"b1e1f58\" data-element_type=\"widget\" data-e-type=\"widget\" data-widget_type=\"text-editor.default\">\n\t\t\t\t<div class=\"elementor-widget-container\">\n\t\t\t\t\t\t\t\t\t<p>Que vous travailliez sur un projet commercial ou industriel, <strong>EVERFLOW\u00ae <\/strong>dispose des syst\u00e8mes et de l&rsquo;expertise pour vous accompagner du d\u00e9but \u00e0 la fin. Nous aidons \u00e0 simplifier le processus d\u2019appel d\u2019offres avec une documentation claire, des solutions sur mesure et des conseils techniques. <strong>Besoin d&rsquo;une assistance sur place ?<br><\/strong><\/p>\t\t\t\t\t\t\t\t<\/div>\n\t\t\t\t<\/div>\n\t\t\t\t<div class=\"elementor-element elementor-element-94fdbbc elementor-widget elementor-widget-text-editor\" data-id=\"94fdbbc\" data-element_type=\"widget\" data-e-type=\"widget\" data-widget_type=\"text-editor.default\">\n\t\t\t\t<div class=\"elementor-widget-container\">\n\t\t\t\t\t\t\t\t\t<p>Notre \u00e9quipe peut vous aider en vous conseillant sur la pr\u00e9paration de la surface et sur les meilleures pratiques d&rsquo;installation afin que votre travail se d\u00e9roule sans accroc et se termine en beaut\u00e9.<\/p>\t\t\t\t\t\t\t\t<\/div>\n\t\t\t\t<\/div>\n\t\t\t\t<div class=\"elementor-element elementor-element-131d6e7 elementor-widget elementor-widget-heading\" data-id=\"131d6e7\" data-element_type=\"widget\" data-e-type=\"widget\" data-widget_type=\"heading.default\">\n\t\t\t\t<div class=\"elementor-widget-container\">\n\t\t\t\t\t<h4 class=\"elementor-heading-title elementor-size-default\"><div class=\"quote-wrapper\">\n  Nous ne nous contentons pas de fournir<br> - nous soutenons votre construction.\n<\/div><\/h4>\t\t\t\t<\/div>\n\t\t\t\t<\/div>\n\t\t\t\t<div class=\"elementor-element elementor-element-7b6855c elementor-widget elementor-widget-heading\" data-id=\"7b6855c\" data-element_type=\"widget\" data-e-type=\"widget\" data-widget_type=\"heading.default\">\n\t\t\t\t<div class=\"elementor-widget-container\">\n\t\t\t\t\t<h4 class=\"elementor-heading-title elementor-size-default\"><div class=\"quote-wrapper\">\nSp\u00e9cifiez-le.<br> Offrez-le. Clouez-le. <br> With EVERFLOW\u00ae.\n<\/div><\/h4>\t\t\t\t<\/div>\n\t\t\t\t<\/div>\n\t\t\t\t<div class=\"elementor-element elementor-element-1e61421 elementor-widget elementor-widget-heading\" data-id=\"1e61421\" data-element_type=\"widget\" data-e-type=\"widget\" data-widget_type=\"heading.default\">\n\t\t\t\t<div class=\"elementor-widget-container\">\n\t\t\t\t\t<h4 class=\"elementor-heading-title elementor-size-default\"><div class=\"quote-wrapper\">\n  De l'appel d'offres \u00e0 la construction <br> - un soutien expert \u00e0 chaque \u00e9tape.\n<\/div><\/h4>\t\t\t\t<\/div>\n\t\t\t\t<\/div>\n\t\t\t\t<\/div>\n\t\t\t\t<\/div>\n\t\t\t\t\t<\/div>\n\t\t\t\t<\/div>\n\t\t\t\t<section class=\"elementor-section elementor-top-section elementor-element elementor-element-14df3b49 elementor-section-full_width elementor-section-height-default elementor-section-height-default\" data-id=\"14df3b49\" data-element_type=\"section\" data-e-type=\"section\">\n\t\t\t\t\t\t<div class=\"elementor-container elementor-column-gap-default\">\n\t\t\t\t\t<div class=\"elementor-column elementor-col-100 elementor-top-column elementor-element elementor-element-63a38094\" data-id=\"63a38094\" data-element_type=\"column\" data-e-type=\"column\">\n\t\t\t<div class=\"elementor-widget-wrap elementor-element-populated\">\n\t\t\t\t\t\t<div class=\"elementor-element elementor-element-778521e elementor-widget elementor-widget-tx_cta elh-el tx_cta\" data-id=\"778521e\" data-element_type=\"widget\" data-e-type=\"widget\" data-settings=\"{&quot;design_style&quot;:&quot;style_4&quot;}\" data-widget_type=\"tx_cta.default\">\n\t\t\t\t<div class=\"elementor-widget-container\">\n\t\t\t\t\t<!-- <div class=\"fti-cta-5-area tx-section\" data-background=\"\">\n        <a class=\"popup-video play-icon\" href=\"\">\n        <span class=\"icon\">\n                    <\/span>\n    <\/a>\n    <\/div> -->\n\n<div class=\"fti-cta-5-area tx-section\" data-background=\"https:\/\/everflowepoxy.com\/wp-content\/uploads\/2025\/04\/Group-1-1.png\">\n                    <iframe id=\"youtube-iframe\" width=\"100%\" height=\"auto\"\n                    src=\"https:\/\/www.youtube.com\/embed\/W8b3KZvDMGM?autoplay=1&mute=1&loop=1&playlist=W8b3KZvDMGM&controls=1\"\n                    title=\"Embedded YouTube Video\"\n                    frameborder=\"0\"\n                    allow=\"autoplay; encrypted-media\"\n                    allowfullscreen>\n                <\/iframe>\n            <\/div>\n\t\t\t\t<\/div>\n\t\t\t\t<\/div>\n\t\t\t\t\t<\/div>\n\t\t<\/div>\n\t\t\t\t\t<\/div>\n\t\t<\/section>\n\t\t\t\t<section class=\"elementor-section elementor-top-section elementor-element elementor-element-94a8645 elementor-section-full_width contact-us-home elementor-section-height-default elementor-section-height-default\" data-id=\"94a8645\" data-element_type=\"section\" data-e-type=\"section\" data-settings=\"{&quot;background_background&quot;:&quot;classic&quot;}\">\n\t\t\t\t\t\t<div class=\"elementor-container elementor-column-gap-default\">\n\t\t\t\t\t<div class=\"elementor-column elementor-col-100 elementor-top-column elementor-element elementor-element-1ad7616\" data-id=\"1ad7616\" data-element_type=\"column\" data-e-type=\"column\">\n\t\t\t<div class=\"elementor-widget-wrap elementor-element-populated\">\n\t\t\t\t\t\t<div class=\"elementor-element elementor-element-835e841 custom-contact_form elementor-widget elementor-widget-tx_cta elh-el tx_cta\" data-id=\"835e841\" data-element_type=\"widget\" data-e-type=\"widget\" data-settings=\"{&quot;design_style&quot;:&quot;style_1&quot;}\" data-widget_type=\"tx_cta.default\">\n\t\t\t\t<div class=\"elementor-widget-container\">\n\t\t\t\t\t<div class=\"fti-contact-3-area bg-default fti-class-add tx-section\" data-background=\"https:\/\/everflowepoxy.com\/wp-content\/uploads\/2025\/04\/shutterstock_1892307565-1-1-scaled.jpg\">\r\n    <div class=\"container fti-container-8\">\r\n        <div class=\"fti-contact-3-wrap\">\r\n            <!-- title -->\r\n            <div class=\"fti-contact-3-title-wrap\">\r\n                                <h5 class=\"fti-subtitle-4 tx-subTitle\">GET IN TOUCH WITH US <\/h5>\r\n                <h2 class=\"tx-title fti-section-title-4 has-color-white fti-split-text fti-split-in-right-4\">Contact Our Specialists For Assistance With All Your Projects <\/h2>\r\n                                <p class=\"fti-para-3-small disc tx-description\"><\/p>\r\n                \r\n                                <div class=\"btn-wrap\">\r\n                    <a class=\"fti-btn-pr-4 tx-button\"\r\n                        href=\"mailto:info@everflowepoxy.com\"\r\n                        target=\"_self\"\r\n                        rel=\"\">\r\n\r\n                                                <span class=\"btn-text\">contact us<\/span>\r\n                        \r\n                                            <\/a>\r\n                <\/div>\r\n                \r\n                            <\/div>\r\n\r\n            <!-- contact form -->\r\n                        <div class=\"fti-contact-3-form bg-default wow fadeInUp\" data-background=\"\">\r\n                <form id=\"customContactForm\" class=\"wpcf7-form init\" aria-label=\"Contact form\" method=\"POST\" action=\"#\" novalidate=\"novalidate\">\n    <div class=\"custom_letstalk_form\">\n        <h2 style=\"text-align: center; font-size: 51px; font-weight: bold;\">Talk to our specialist<\/h2> \n\n        <p>\n            <input size=\"40\" maxlength=\"400\" class=\"wpcf7-form-control\" placeholder=\"Full Name\" type=\"text\" name=\"full-name\">\n            <span class=\"error-message\"><\/span>\n        <\/p>\n\n        <p>\n            <input size=\"40\" maxlength=\"400\" class=\"wpcf7-form-control\" placeholder=\"Email Address\" type=\"email\" name=\"email-address\">\n            <span class=\"error-message\"><\/span>\n        <\/p>\n\n        <p>\n            <input size=\"40\" maxlength=\"400\" class=\"wpcf7-form-control\" placeholder=\"Phone No:\" type=\"tel\" name=\"phone-number\">\n            <span class=\"error-message\"><\/span>\n        <\/p>\n\n        <p>\n            <textarea cols=\"40\" rows=\"10\" maxlength=\"2000\" class=\"wpcf7-form-control\" placeholder=\"Pertinent Information\" name=\"pertinent-information\"><\/textarea>\n            <span class=\"error-message\"><\/span>\n        <\/p>\n\n        <p>\n            <input class=\"wpcf7-form-control wpcf7-submit has-spinner\" type=\"submit\" value=\"SUBMIT\">\n        <\/p>\n\n        <div id=\"customFormResponse\"><\/div>\n    <\/div>\n<\/form>\n            <\/div>\r\n                    <\/div>\r\n    <\/div>\r\n<\/div>\t\t\t\t<\/div>\n\t\t\t\t<\/div>\n\t\t\t\t\t<\/div>\n\t\t<\/div>\n\t\t\t\t\t<\/div>\n\t\t<\/section>\n\t\t\t\t<\/div>\n\t\t","protected":false},"excerpt":{"rendered":"<p>Parlez-nous Accompagnement pour Entrepreneur G\u00e9n\u00e9ral Que vous travailliez sur un projet commercial ou industriel, EVERFLOW\u00ae dispose des syst\u00e8mes et de l&rsquo;expertise pour vous accompagner du d\u00e9but \u00e0 la fin. Nous aidons \u00e0 simplifier le processus d\u2019appel d\u2019offres avec une documentation claire, des solutions sur mesure et des conseils techniques. Besoin d&rsquo;une assistance sur place ? [&hellip;]<\/p>\n","protected":false},"author":1,"featured_media":0,"parent":0,"menu_order":6,"comment_status":"closed","ping_status":"closed","template":"elementor_header_footer","meta":{"inline_featured_image":false,"footnotes":""},"class_list":["post-7399","page","type-page","status-publish","hentry"],"yoast_head":"<!-- This site is optimized with the Yoast SEO plugin v27.4 - https:\/\/yoast.com\/product\/yoast-seo-wordpress\/ -->\n<title>ENTREPRENEUR G\u00c9N\u00c9RAL - Everflow Epoxy.<\/title>\n<meta name=\"description\" content=\"Whether you\u2019re working on a commercial or industrial project, EVERFLOW\u00ae has the systems and expertise to support you from start to finish.\" \/>\n<meta name=\"robots\" content=\"index, follow, max-snippet:-1, max-image-preview:large, max-video-preview:-1\" \/>\n<link rel=\"canonical\" href=\"https:\/\/everflowepoxy.com\/fr\/entrepreneur-general\/\" \/>\n<meta property=\"og:locale\" content=\"fr_FR\" \/>\n<meta property=\"og:type\" content=\"article\" \/>\n<meta property=\"og:title\" content=\"ENTREPRENEUR G\u00c9N\u00c9RAL - Everflow Epoxy.\" \/>\n<meta property=\"og:description\" content=\"Whether you\u2019re working on a commercial or industrial project, EVERFLOW\u00ae has the systems and expertise to support you from start to finish.\" \/>\n<meta property=\"og:url\" content=\"https:\/\/everflowepoxy.com\/fr\/entrepreneur-general\/\" \/>\n<meta property=\"og:site_name\" content=\"Everflow Epoxy\" \/>\n<meta property=\"article:publisher\" content=\"https:\/\/www.facebook.com\/mpc.coatings\/?locale=fr_CA\" \/>\n<meta property=\"article:modified_time\" content=\"2026-04-14T17:23:12+00:00\" \/>\n<meta name=\"twitter:card\" content=\"summary_large_image\" \/>\n<meta name=\"twitter:label1\" content=\"Dur\u00e9e de lecture estim\u00e9e\" \/>\n\t<meta name=\"twitter:data1\" content=\"1 minute\" \/>\n<script type=\"application\/ld+json\" class=\"yoast-schema-graph\">{\"@context\":\"https:\\\/\\\/schema.org\",\"@graph\":[{\"@type\":\"WebPage\",\"@id\":\"https:\\\/\\\/everflowepoxy.com\\\/fr\\\/entrepreneur-general\\\/\",\"url\":\"https:\\\/\\\/everflowepoxy.com\\\/fr\\\/entrepreneur-general\\\/\",\"name\":\"ENTREPRENEUR G\u00c9N\u00c9RAL - Everflow Epoxy.\",\"isPartOf\":{\"@id\":\"https:\\\/\\\/everflowepoxy.com\\\/fr\\\/#website\"},\"datePublished\":\"2025-04-25T09:51:51+00:00\",\"dateModified\":\"2026-04-14T17:23:12+00:00\",\"description\":\"Whether you\u2019re working on a commercial or industrial project, EVERFLOW\u00ae has the systems and expertise to support you from start to finish.\",\"breadcrumb\":{\"@id\":\"https:\\\/\\\/everflowepoxy.com\\\/fr\\\/entrepreneur-general\\\/#breadcrumb\"},\"inLanguage\":\"fr-FR\",\"potentialAction\":[{\"@type\":\"ReadAction\",\"target\":[\"https:\\\/\\\/everflowepoxy.com\\\/fr\\\/entrepreneur-general\\\/\"]}]},{\"@type\":\"BreadcrumbList\",\"@id\":\"https:\\\/\\\/everflowepoxy.com\\\/fr\\\/entrepreneur-general\\\/#breadcrumb\",\"itemListElement\":[{\"@type\":\"ListItem\",\"position\":1,\"name\":\"Accueil\",\"item\":\"https:\\\/\\\/everflowepoxy.com\\\/fr\\\/\"},{\"@type\":\"ListItem\",\"position\":2,\"name\":\"ENTREPRENEUR G\u00c9N\u00c9RAL\"}]},{\"@type\":\"WebSite\",\"@id\":\"https:\\\/\\\/everflowepoxy.com\\\/fr\\\/#website\",\"url\":\"https:\\\/\\\/everflowepoxy.com\\\/fr\\\/\",\"name\":\"Everflow Epoxy\",\"description\":\"The Everflow Epoxy website\",\"publisher\":{\"@id\":\"https:\\\/\\\/everflowepoxy.com\\\/fr\\\/#organization\"},\"potentialAction\":[{\"@type\":\"SearchAction\",\"target\":{\"@type\":\"EntryPoint\",\"urlTemplate\":\"https:\\\/\\\/everflowepoxy.com\\\/fr\\\/?s={search_term_string}\"},\"query-input\":{\"@type\":\"PropertyValueSpecification\",\"valueRequired\":true,\"valueName\":\"search_term_string\"}}],\"inLanguage\":\"fr-FR\"},{\"@type\":\"Organization\",\"@id\":\"https:\\\/\\\/everflowepoxy.com\\\/fr\\\/#organization\",\"name\":\"Everflow Epoxy\",\"url\":\"https:\\\/\\\/everflowepoxy.com\\\/fr\\\/\",\"logo\":{\"@type\":\"ImageObject\",\"inLanguage\":\"fr-FR\",\"@id\":\"https:\\\/\\\/everflowepoxy.com\\\/fr\\\/#\\\/schema\\\/logo\\\/image\\\/\",\"url\":\"https:\\\/\\\/everflowepoxy.com\\\/wp-content\\\/uploads\\\/2025\\\/08\\\/Logo-everflow.png\",\"contentUrl\":\"https:\\\/\\\/everflowepoxy.com\\\/wp-content\\\/uploads\\\/2025\\\/08\\\/Logo-everflow.png\",\"width\":500,\"height\":200,\"caption\":\"Everflow Epoxy\"},\"image\":{\"@id\":\"https:\\\/\\\/everflowepoxy.com\\\/fr\\\/#\\\/schema\\\/logo\\\/image\\\/\"},\"sameAs\":[\"https:\\\/\\\/www.facebook.com\\\/mpc.coatings\\\/?locale=fr_CA\"]}]}<\/script>\n<!-- \/ Yoast SEO plugin. -->","yoast_head_json":{"title":"ENTREPRENEUR G\u00c9N\u00c9RAL - Everflow Epoxy.","description":"Whether you\u2019re working on a commercial or industrial project, EVERFLOW\u00ae has the systems and expertise to support you from start to finish.","robots":{"index":"index","follow":"follow","max-snippet":"max-snippet:-1","max-image-preview":"max-image-preview:large","max-video-preview":"max-video-preview:-1"},"canonical":"https:\/\/everflowepoxy.com\/fr\/entrepreneur-general\/","og_locale":"fr_FR","og_type":"article","og_title":"ENTREPRENEUR G\u00c9N\u00c9RAL - Everflow Epoxy.","og_description":"Whether you\u2019re working on a commercial or industrial project, EVERFLOW\u00ae has the systems and expertise to support you from start to finish.","og_url":"https:\/\/everflowepoxy.com\/fr\/entrepreneur-general\/","og_site_name":"Everflow Epoxy","article_publisher":"https:\/\/www.facebook.com\/mpc.coatings\/?locale=fr_CA","article_modified_time":"2026-04-14T17:23:12+00:00","twitter_card":"summary_large_image","twitter_misc":{"Dur\u00e9e de lecture estim\u00e9e":"1 minute"},"schema":{"@context":"https:\/\/schema.org","@graph":[{"@type":"WebPage","@id":"https:\/\/everflowepoxy.com\/fr\/entrepreneur-general\/","url":"https:\/\/everflowepoxy.com\/fr\/entrepreneur-general\/","name":"ENTREPRENEUR G\u00c9N\u00c9RAL - Everflow Epoxy.","isPartOf":{"@id":"https:\/\/everflowepoxy.com\/fr\/#website"},"datePublished":"2025-04-25T09:51:51+00:00","dateModified":"2026-04-14T17:23:12+00:00","description":"Whether you\u2019re working on a commercial or industrial project, EVERFLOW\u00ae has the systems and expertise to support you from start to finish.","breadcrumb":{"@id":"https:\/\/everflowepoxy.com\/fr\/entrepreneur-general\/#breadcrumb"},"inLanguage":"fr-FR","potentialAction":[{"@type":"ReadAction","target":["https:\/\/everflowepoxy.com\/fr\/entrepreneur-general\/"]}]},{"@type":"BreadcrumbList","@id":"https:\/\/everflowepoxy.com\/fr\/entrepreneur-general\/#breadcrumb","itemListElement":[{"@type":"ListItem","position":1,"name":"Accueil","item":"https:\/\/everflowepoxy.com\/fr\/"},{"@type":"ListItem","position":2,"name":"ENTREPRENEUR G\u00c9N\u00c9RAL"}]},{"@type":"WebSite","@id":"https:\/\/everflowepoxy.com\/fr\/#website","url":"https:\/\/everflowepoxy.com\/fr\/","name":"Everflow Epoxy","description":"The Everflow Epoxy website","publisher":{"@id":"https:\/\/everflowepoxy.com\/fr\/#organization"},"potentialAction":[{"@type":"SearchAction","target":{"@type":"EntryPoint","urlTemplate":"https:\/\/everflowepoxy.com\/fr\/?s={search_term_string}"},"query-input":{"@type":"PropertyValueSpecification","valueRequired":true,"valueName":"search_term_string"}}],"inLanguage":"fr-FR"},{"@type":"Organization","@id":"https:\/\/everflowepoxy.com\/fr\/#organization","name":"Everflow Epoxy","url":"https:\/\/everflowepoxy.com\/fr\/","logo":{"@type":"ImageObject","inLanguage":"fr-FR","@id":"https:\/\/everflowepoxy.com\/fr\/#\/schema\/logo\/image\/","url":"https:\/\/everflowepoxy.com\/wp-content\/uploads\/2025\/08\/Logo-everflow.png","contentUrl":"https:\/\/everflowepoxy.com\/wp-content\/uploads\/2025\/08\/Logo-everflow.png","width":500,"height":200,"caption":"Everflow Epoxy"},"image":{"@id":"https:\/\/everflowepoxy.com\/fr\/#\/schema\/logo\/image\/"},"sameAs":["https:\/\/www.facebook.com\/mpc.coatings\/?locale=fr_CA"]}]}},"_links":{"self":[{"href":"https:\/\/everflowepoxy.com\/fr\/wp-json\/wp\/v2\/pages\/7399","targetHints":{"allow":["GET"]}}],"collection":[{"href":"https:\/\/everflowepoxy.com\/fr\/wp-json\/wp\/v2\/pages"}],"about":[{"href":"https:\/\/everflowepoxy.com\/fr\/wp-json\/wp\/v2\/types\/page"}],"author":[{"embeddable":true,"href":"https:\/\/everflowepoxy.com\/fr\/wp-json\/wp\/v2\/users\/1"}],"replies":[{"embeddable":true,"href":"https:\/\/everflowepoxy.com\/fr\/wp-json\/wp\/v2\/comments?post=7399"}],"version-history":[{"count":5,"href":"https:\/\/everflowepoxy.com\/fr\/wp-json\/wp\/v2\/pages\/7399\/revisions"}],"predecessor-version":[{"id":9844,"href":"https:\/\/everflowepoxy.com\/fr\/wp-json\/wp\/v2\/pages\/7399\/revisions\/9844"}],"wp:attachment":[{"href":"https:\/\/everflowepoxy.com\/fr\/wp-json\/wp\/v2\/media?parent=7399"}],"curies":[{"name":"wp","href":"https:\/\/api.w.org\/{rel}","templated":true}]}}