{"id":9077,"date":"2026-01-14T10:38:30","date_gmt":"2026-01-14T10:38:30","guid":{"rendered":"https:\/\/everflowepoxy.com\/supprimer-le-compte\/"},"modified":"2026-03-10T20:02:39","modified_gmt":"2026-03-10T20:02:39","slug":"supprimer-le-compte","status":"publish","type":"page","link":"https:\/\/everflowepoxy.com\/fr\/supprimer-le-compte\/","title":{"rendered":"Supprimer le compte"},"content":{"rendered":"<br \/>\n<h1>Supprimer votre compte Everflow<\/h1>\n<p>Vous pouvez demander la suppression de votre compte et de toutes les donn\u00e9es associ\u00e9es directement depuis l&rsquo;application Everflow.<\/p>\n<h2>Marche \u00e0 suivre pour supprimer votre compte :<\/h2>\n<ol>\n<li>Ouvrez l&rsquo;application <strong>Everflow<\/strong> <\/li>\n<li>Appuyez sur l&rsquo;ic\u00f4ne <strong>Menu (\u2630)<\/strong> pour ouvrir le tiroir de navigation lat\u00e9ral.<\/li>\n<li>S\u00e9lectionnez les <strong>param\u00e8tres<\/strong><\/li>\n<li>Appuyez sur <strong>Supprimer le compte<\/strong> et confirmez<\/li>\n<\/ol>\n<h2>Donn\u00e9es qui seront supprim\u00e9es :<\/h2>\n<ul>\n<li>Votre adresse \u00e9lectronique et votre num\u00e9ro de t\u00e9l\u00e9phone<\/li>\n<li>R\u00e9f\u00e9rences du compte<\/li>\n<li>Historique et pr\u00e9f\u00e9rences du visualisateur de tuiles<\/li>\n<\/ul>\n<h2>Conservation des donn\u00e9es :<\/h2>\n<p>Toutes les donn\u00e9es des utilisateurs sont d\u00e9finitivement supprim\u00e9es imm\u00e9diatement apr\u00e8s confirmation. Nous ne conservons ni n&rsquo;archivons vos donn\u00e9es apr\u00e8s leur suppression. <\/p>\n<p>Si vous avez besoin d&rsquo;aide, contactez-nous \u00e0 l&rsquo;adresse suivante <a href=\"mailto:support@everflowepoxy.com\">: support@everflowepoxy.com<\/a><\/p>\n","protected":false},"excerpt":{"rendered":"<p>Supprimer votre compte Everflow Vous pouvez demander la suppression de votre compte et de toutes les donn\u00e9es associ\u00e9es directement depuis l&rsquo;application Everflow. Marche \u00e0 suivre pour supprimer votre compte : Ouvrez l&rsquo;application Everflow Appuyez sur l&rsquo;ic\u00f4ne Menu (\u2630) pour ouvrir le tiroir de navigation lat\u00e9ral. S\u00e9lectionnez les param\u00e8tres Appuyez sur Supprimer le compte et confirmez [&hellip;]<\/p>\n","protected":false},"author":1,"featured_media":0,"parent":0,"menu_order":10,"comment_status":"closed","ping_status":"closed","template":"elementor_header_footer","meta":{"inline_featured_image":false,"footnotes":""},"class_list":["post-9077","page","type-page","status-publish","hentry"],"yoast_head":"<!-- This site is optimized with the Yoast SEO plugin v27.4 - https:\/\/yoast.com\/product\/yoast-seo-wordpress\/ -->\n<title>Supprimer le compte - Everflow Epoxy.<\/title>\n<meta name=\"robots\" content=\"index, follow, max-snippet:-1, max-image-preview:large, max-video-preview:-1\" \/>\n<link rel=\"canonical\" href=\"https:\/\/everflowepoxy.com\/fr\/supprimer-le-compte\/\" \/>\n<meta property=\"og:locale\" content=\"fr_FR\" \/>\n<meta property=\"og:type\" content=\"article\" \/>\n<meta property=\"og:title\" content=\"Supprimer le compte - Everflow Epoxy.\" \/>\n<meta property=\"og:description\" content=\"Supprimer votre compte Everflow Vous pouvez demander la suppression de votre compte et de toutes les donn\u00e9es associ\u00e9es directement depuis l&rsquo;application Everflow. Marche \u00e0 suivre pour supprimer votre compte : Ouvrez l&rsquo;application Everflow Appuyez sur l&rsquo;ic\u00f4ne Menu (\u2630) pour ouvrir le tiroir de navigation lat\u00e9ral. S\u00e9lectionnez les param\u00e8tres Appuyez sur Supprimer le compte et confirmez [&hellip;]\" \/>\n<meta property=\"og:url\" content=\"https:\/\/everflowepoxy.com\/fr\/supprimer-le-compte\/\" \/>\n<meta property=\"og:site_name\" content=\"Everflow Epoxy\" \/>\n<meta property=\"article:publisher\" content=\"https:\/\/www.facebook.com\/mpc.coatings\/?locale=fr_CA\" \/>\n<meta property=\"article:modified_time\" content=\"2026-03-10T20:02:39+00:00\" \/>\n<meta name=\"twitter:card\" content=\"summary_large_image\" \/>\n<meta name=\"twitter:label1\" content=\"Dur\u00e9e de lecture estim\u00e9e\" \/>\n\t<meta name=\"twitter:data1\" content=\"1 minute\" \/>\n<script type=\"application\/ld+json\" class=\"yoast-schema-graph\">{\"@context\":\"https:\\\/\\\/schema.org\",\"@graph\":[{\"@type\":\"WebPage\",\"@id\":\"https:\\\/\\\/everflowepoxy.com\\\/fr\\\/supprimer-le-compte\\\/\",\"url\":\"https:\\\/\\\/everflowepoxy.com\\\/fr\\\/supprimer-le-compte\\\/\",\"name\":\"Supprimer le compte - Everflow Epoxy.\",\"isPartOf\":{\"@id\":\"https:\\\/\\\/everflowepoxy.com\\\/fr\\\/#website\"},\"datePublished\":\"2026-01-14T10:38:30+00:00\",\"dateModified\":\"2026-03-10T20:02:39+00:00\",\"breadcrumb\":{\"@id\":\"https:\\\/\\\/everflowepoxy.com\\\/fr\\\/supprimer-le-compte\\\/#breadcrumb\"},\"inLanguage\":\"fr-FR\",\"potentialAction\":[{\"@type\":\"ReadAction\",\"target\":[\"https:\\\/\\\/everflowepoxy.com\\\/fr\\\/supprimer-le-compte\\\/\"]}]},{\"@type\":\"BreadcrumbList\",\"@id\":\"https:\\\/\\\/everflowepoxy.com\\\/fr\\\/supprimer-le-compte\\\/#breadcrumb\",\"itemListElement\":[{\"@type\":\"ListItem\",\"position\":1,\"name\":\"Accueil\",\"item\":\"https:\\\/\\\/everflowepoxy.com\\\/fr\\\/\"},{\"@type\":\"ListItem\",\"position\":2,\"name\":\"Supprimer le compte\"}]},{\"@type\":\"WebSite\",\"@id\":\"https:\\\/\\\/everflowepoxy.com\\\/fr\\\/#website\",\"url\":\"https:\\\/\\\/everflowepoxy.com\\\/fr\\\/\",\"name\":\"Everflow Epoxy\",\"description\":\"The Everflow Epoxy website\",\"publisher\":{\"@id\":\"https:\\\/\\\/everflowepoxy.com\\\/fr\\\/#organization\"},\"potentialAction\":[{\"@type\":\"SearchAction\",\"target\":{\"@type\":\"EntryPoint\",\"urlTemplate\":\"https:\\\/\\\/everflowepoxy.com\\\/fr\\\/?s={search_term_string}\"},\"query-input\":{\"@type\":\"PropertyValueSpecification\",\"valueRequired\":true,\"valueName\":\"search_term_string\"}}],\"inLanguage\":\"fr-FR\"},{\"@type\":\"Organization\",\"@id\":\"https:\\\/\\\/everflowepoxy.com\\\/fr\\\/#organization\",\"name\":\"Everflow Epoxy\",\"url\":\"https:\\\/\\\/everflowepoxy.com\\\/fr\\\/\",\"logo\":{\"@type\":\"ImageObject\",\"inLanguage\":\"fr-FR\",\"@id\":\"https:\\\/\\\/everflowepoxy.com\\\/fr\\\/#\\\/schema\\\/logo\\\/image\\\/\",\"url\":\"https:\\\/\\\/everflowepoxy.com\\\/wp-content\\\/uploads\\\/2025\\\/08\\\/Logo-everflow.png\",\"contentUrl\":\"https:\\\/\\\/everflowepoxy.com\\\/wp-content\\\/uploads\\\/2025\\\/08\\\/Logo-everflow.png\",\"width\":500,\"height\":200,\"caption\":\"Everflow Epoxy\"},\"image\":{\"@id\":\"https:\\\/\\\/everflowepoxy.com\\\/fr\\\/#\\\/schema\\\/logo\\\/image\\\/\"},\"sameAs\":[\"https:\\\/\\\/www.facebook.com\\\/mpc.coatings\\\/?locale=fr_CA\"]}]}<\/script>\n<!-- \/ Yoast SEO plugin. -->","yoast_head_json":{"title":"Supprimer le compte - Everflow Epoxy.","robots":{"index":"index","follow":"follow","max-snippet":"max-snippet:-1","max-image-preview":"max-image-preview:large","max-video-preview":"max-video-preview:-1"},"canonical":"https:\/\/everflowepoxy.com\/fr\/supprimer-le-compte\/","og_locale":"fr_FR","og_type":"article","og_title":"Supprimer le compte - Everflow Epoxy.","og_description":"Supprimer votre compte Everflow Vous pouvez demander la suppression de votre compte et de toutes les donn\u00e9es associ\u00e9es directement depuis l&rsquo;application Everflow. Marche \u00e0 suivre pour supprimer votre compte : Ouvrez l&rsquo;application Everflow Appuyez sur l&rsquo;ic\u00f4ne Menu (\u2630) pour ouvrir le tiroir de navigation lat\u00e9ral. S\u00e9lectionnez les param\u00e8tres Appuyez sur Supprimer le compte et confirmez [&hellip;]","og_url":"https:\/\/everflowepoxy.com\/fr\/supprimer-le-compte\/","og_site_name":"Everflow Epoxy","article_publisher":"https:\/\/www.facebook.com\/mpc.coatings\/?locale=fr_CA","article_modified_time":"2026-03-10T20:02:39+00:00","twitter_card":"summary_large_image","twitter_misc":{"Dur\u00e9e de lecture estim\u00e9e":"1 minute"},"schema":{"@context":"https:\/\/schema.org","@graph":[{"@type":"WebPage","@id":"https:\/\/everflowepoxy.com\/fr\/supprimer-le-compte\/","url":"https:\/\/everflowepoxy.com\/fr\/supprimer-le-compte\/","name":"Supprimer le compte - Everflow Epoxy.","isPartOf":{"@id":"https:\/\/everflowepoxy.com\/fr\/#website"},"datePublished":"2026-01-14T10:38:30+00:00","dateModified":"2026-03-10T20:02:39+00:00","breadcrumb":{"@id":"https:\/\/everflowepoxy.com\/fr\/supprimer-le-compte\/#breadcrumb"},"inLanguage":"fr-FR","potentialAction":[{"@type":"ReadAction","target":["https:\/\/everflowepoxy.com\/fr\/supprimer-le-compte\/"]}]},{"@type":"BreadcrumbList","@id":"https:\/\/everflowepoxy.com\/fr\/supprimer-le-compte\/#breadcrumb","itemListElement":[{"@type":"ListItem","position":1,"name":"Accueil","item":"https:\/\/everflowepoxy.com\/fr\/"},{"@type":"ListItem","position":2,"name":"Supprimer le compte"}]},{"@type":"WebSite","@id":"https:\/\/everflowepoxy.com\/fr\/#website","url":"https:\/\/everflowepoxy.com\/fr\/","name":"Everflow Epoxy","description":"The Everflow Epoxy website","publisher":{"@id":"https:\/\/everflowepoxy.com\/fr\/#organization"},"potentialAction":[{"@type":"SearchAction","target":{"@type":"EntryPoint","urlTemplate":"https:\/\/everflowepoxy.com\/fr\/?s={search_term_string}"},"query-input":{"@type":"PropertyValueSpecification","valueRequired":true,"valueName":"search_term_string"}}],"inLanguage":"fr-FR"},{"@type":"Organization","@id":"https:\/\/everflowepoxy.com\/fr\/#organization","name":"Everflow Epoxy","url":"https:\/\/everflowepoxy.com\/fr\/","logo":{"@type":"ImageObject","inLanguage":"fr-FR","@id":"https:\/\/everflowepoxy.com\/fr\/#\/schema\/logo\/image\/","url":"https:\/\/everflowepoxy.com\/wp-content\/uploads\/2025\/08\/Logo-everflow.png","contentUrl":"https:\/\/everflowepoxy.com\/wp-content\/uploads\/2025\/08\/Logo-everflow.png","width":500,"height":200,"caption":"Everflow Epoxy"},"image":{"@id":"https:\/\/everflowepoxy.com\/fr\/#\/schema\/logo\/image\/"},"sameAs":["https:\/\/www.facebook.com\/mpc.coatings\/?locale=fr_CA"]}]}},"_links":{"self":[{"href":"https:\/\/everflowepoxy.com\/fr\/wp-json\/wp\/v2\/pages\/9077","targetHints":{"allow":["GET"]}}],"collection":[{"href":"https:\/\/everflowepoxy.com\/fr\/wp-json\/wp\/v2\/pages"}],"about":[{"href":"https:\/\/everflowepoxy.com\/fr\/wp-json\/wp\/v2\/types\/page"}],"author":[{"embeddable":true,"href":"https:\/\/everflowepoxy.com\/fr\/wp-json\/wp\/v2\/users\/1"}],"replies":[{"embeddable":true,"href":"https:\/\/everflowepoxy.com\/fr\/wp-json\/wp\/v2\/comments?post=9077"}],"version-history":[{"count":1,"href":"https:\/\/everflowepoxy.com\/fr\/wp-json\/wp\/v2\/pages\/9077\/revisions"}],"predecessor-version":[{"id":9415,"href":"https:\/\/everflowepoxy.com\/fr\/wp-json\/wp\/v2\/pages\/9077\/revisions\/9415"}],"wp:attachment":[{"href":"https:\/\/everflowepoxy.com\/fr\/wp-json\/wp\/v2\/media?parent=9077"}],"curies":[{"name":"wp","href":"https:\/\/api.w.org\/{rel}","templated":true}]}}